{"id":2262,"date":"2026-04-22T20:38:37","date_gmt":"2026-04-22T20:38:37","guid":{"rendered":"https:\/\/www.wtpadvisors.com\/es\/?page_id=2262"},"modified":"2026-04-22T20:59:05","modified_gmt":"2026-04-22T20:59:05","slug":"impuestos-internacionales","status":"publish","type":"page","link":"https:\/\/www.wtpadvisors.com\/es\/impuestos-internacionales\/","title":{"rendered":"Impuestos Internacionales"},"content":{"rendered":"<p class=\"text-white\"> WTP Advisors ofrece servicios integrales de impuestos internacionales, ayudando a empresas globales a cumplir con normativas fiscales complejas en EE. UU. y en el extranjero.<\/p>\r\n\r\n<p class=\"text-white\">Nuestra experiencia optimiza la rentabilidad, reduce riesgos y mejora la competitividad mediante planificaci\u00f3n estrat\u00e9gica, asesor\u00eda en inversiones inbound\/outbound y cumplimiento transfronterizo preciso.<\/p>\r\n\r\n<p class=\"text-white\">Combinamos conocimiento t\u00e9cnico profundo con experiencia pr\u00e1ctica para ofrecer soluciones personalizadas que evitan la doble imposici\u00f3n y fortalecen la posici\u00f3n fiscal global.\r\n<\/p>","protected":false},"excerpt":{"rendered":"<p>WTP Advisors ofrece servicios integrales de impuestos internacionales, ayudando a empresas globales a cumplir con normativas fiscales complejas en EE. UU. y en el extranjero. Nuestra experiencia optimiza la rentabilidad, reduce riesgos y mejora la competitividad mediante planificaci\u00f3n estrat\u00e9gica, asesor\u00eda en inversiones inbound\/outbound y cumplimiento transfronterizo preciso. Combinamos conocimiento t\u00e9cnico profundo con experiencia pr\u00e1ctica para&hellip; <a class=\"more-link\" href=\"https:\/\/www.wtpadvisors.com\/es\/impuestos-internacionales\/\">Continue reading <span class=\"screen-reader-text\">Impuestos Internacionales<\/span><\/a><\/p>\n","protected":false},"author":1,"featured_media":0,"parent":0,"menu_order":0,"comment_status":"closed","ping_status":"closed","template":"new-international-tax.php","meta":{"_acf_changed":false,"footnotes":""},"class_list":["post-2262","page","type-page","status-publish","hentry","entry"],"acf":[],"aioseo_notices":[],"_links":{"self":[{"href":"https:\/\/www.wtpadvisors.com\/es\/wp-json\/wp\/v2\/pages\/2262","targetHints":{"allow":["GET"]}}],"collection":[{"href":"https:\/\/www.wtpadvisors.com\/es\/wp-json\/wp\/v2\/pages"}],"about":[{"href":"https:\/\/www.wtpadvisors.com\/es\/wp-json\/wp\/v2\/types\/page"}],"author":[{"embeddable":true,"href":"https:\/\/www.wtpadvisors.com\/es\/wp-json\/wp\/v2\/users\/1"}],"replies":[{"embeddable":true,"href":"https:\/\/www.wtpadvisors.com\/es\/wp-json\/wp\/v2\/comments?post=2262"}],"version-history":[{"count":14,"href":"https:\/\/www.wtpadvisors.com\/es\/wp-json\/wp\/v2\/pages\/2262\/revisions"}],"predecessor-version":[{"id":2277,"href":"https:\/\/www.wtpadvisors.com\/es\/wp-json\/wp\/v2\/pages\/2262\/revisions\/2277"}],"wp:attachment":[{"href":"https:\/\/www.wtpadvisors.com\/es\/wp-json\/wp\/v2\/media?parent=2262"}],"curies":[{"name":"wp","href":"https:\/\/api.w.org\/{rel}","templated":true}]}}