{"id":2278,"date":"2026-04-22T21:06:08","date_gmt":"2026-04-22T21:06:08","guid":{"rendered":"https:\/\/www.wtpadvisors.com\/es\/?page_id=2278"},"modified":"2026-04-22T21:06:08","modified_gmt":"2026-04-22T21:06:08","slug":"precios-de-transferencia","status":"publish","type":"page","link":"https:\/\/www.wtpadvisors.com\/es\/precios-de-transferencia\/","title":{"rendered":"Precios de Transferencia"},"content":{"rendered":"<p class=\"text-white\"> WTP Advisors ofrece servicios especializados de precios de transferencia, ayudando a empresas multinacionales a gestionar transacciones intercompa\u00f1\u00eda complejas con cumplimiento total, optimizaci\u00f3n fiscal y mitigaci\u00f3n de riesgos. Nuestro enfoque personalizado abarca planificaci\u00f3n estrat\u00e9gica avanzada, documentaci\u00f3n s\u00f3lida, implementaci\u00f3n efectiva y soporte proactivo en controversias fiscales. Combinamos experiencia t\u00e9cnica profunda, tecnolog\u00eda avanzada y una metodolog\u00eda centrada en el cliente para ofrecer soluciones adaptadas, defendibles y alineadas con la eficiencia fiscal global. Adem\u00e1s, optimizamos el flujo de caja despu\u00e9s de impuestos al alinear estrat\u00e9gicamente los precios de transferencia con la creaci\u00f3n de valor en la cadena de suministro global. <\/p>\r\n","protected":false},"excerpt":{"rendered":"<p>WTP Advisors ofrece servicios especializados de precios de transferencia, ayudando a empresas multinacionales a gestionar transacciones intercompa\u00f1\u00eda complejas con cumplimiento total, optimizaci\u00f3n fiscal y mitigaci\u00f3n de riesgos. Nuestro enfoque personalizado abarca planificaci\u00f3n estrat\u00e9gica avanzada, documentaci\u00f3n s\u00f3lida, implementaci\u00f3n efectiva y soporte proactivo en controversias fiscales. Combinamos experiencia t\u00e9cnica profunda, tecnolog\u00eda avanzada y una metodolog\u00eda centrada en&hellip; <a class=\"more-link\" href=\"https:\/\/www.wtpadvisors.com\/es\/precios-de-transferencia\/\">Continue reading <span class=\"screen-reader-text\">Precios de Transferencia<\/span><\/a><\/p>\n","protected":false},"author":1,"featured_media":0,"parent":0,"menu_order":0,"comment_status":"closed","ping_status":"closed","template":"transfer-pricing.php","meta":{"_acf_changed":false,"footnotes":""},"class_list":["post-2278","page","type-page","status-publish","hentry","entry"],"acf":[],"aioseo_notices":[],"_links":{"self":[{"href":"https:\/\/www.wtpadvisors.com\/es\/wp-json\/wp\/v2\/pages\/2278","targetHints":{"allow":["GET"]}}],"collection":[{"href":"https:\/\/www.wtpadvisors.com\/es\/wp-json\/wp\/v2\/pages"}],"about":[{"href":"https:\/\/www.wtpadvisors.com\/es\/wp-json\/wp\/v2\/types\/page"}],"author":[{"embeddable":true,"href":"https:\/\/www.wtpadvisors.com\/es\/wp-json\/wp\/v2\/users\/1"}],"replies":[{"embeddable":true,"href":"https:\/\/www.wtpadvisors.com\/es\/wp-json\/wp\/v2\/comments?post=2278"}],"version-history":[{"count":1,"href":"https:\/\/www.wtpadvisors.com\/es\/wp-json\/wp\/v2\/pages\/2278\/revisions"}],"predecessor-version":[{"id":2279,"href":"https:\/\/www.wtpadvisors.com\/es\/wp-json\/wp\/v2\/pages\/2278\/revisions\/2279"}],"wp:attachment":[{"href":"https:\/\/www.wtpadvisors.com\/es\/wp-json\/wp\/v2\/media?parent=2278"}],"curies":[{"name":"wp","href":"https:\/\/api.w.org\/{rel}","templated":true}]}}