{"id":2280,"date":"2026-04-22T21:11:19","date_gmt":"2026-04-22T21:11:19","guid":{"rendered":"https:\/\/www.wtpadvisors.com\/es\/?page_id=2280"},"modified":"2026-04-22T21:21:18","modified_gmt":"2026-04-22T21:21:18","slug":"planificacion-fiscal-internacional","status":"publish","type":"page","link":"https:\/\/www.wtpadvisors.com\/es\/planificacion-fiscal-internacional\/","title":{"rendered":"Planificaci\u00f3n Fiscal Internacional"},"content":{"rendered":"<p class=\"text-whote\">WTP Advisors ofrece servicios de <\/span><b>planificaci\u00f3n fiscal internacional<\/b><span style=\"font-weight: 400;\"> dise\u00f1ados para ayudar a empresas globales a navegar la complejidad de las leyes fiscales de EE. UU. y otros pa\u00edses. Nuestro enfoque combina conocimiento t\u00e9cnico profundo con experiencia pr\u00e1ctica para desarrollar estrategias que reduzcan la carga fiscal global, mejoren el cumplimiento y minimicen riesgos. Ayudamos a empresas a adaptarse a cambios regulatorios constantes mientras optimizamos su estructura fiscal internacional de manera sostenible.<\/p>","protected":false},"excerpt":{"rendered":"<p>WTP Advisors ofrece servicios de planificaci\u00f3n fiscal internacional dise\u00f1ados para ayudar a empresas globales a navegar la complejidad de las leyes fiscales de EE. UU. y otros pa\u00edses. Nuestro enfoque combina conocimiento t\u00e9cnico profundo con experiencia pr\u00e1ctica para desarrollar estrategias que reduzcan la carga fiscal global, mejoren el cumplimiento y minimicen riesgos. Ayudamos a empresas&hellip; <a class=\"more-link\" href=\"https:\/\/www.wtpadvisors.com\/es\/planificacion-fiscal-internacional\/\">Continue reading <span class=\"screen-reader-text\">Planificaci\u00f3n Fiscal Internacional<\/span><\/a><\/p>\n","protected":false},"author":1,"featured_media":0,"parent":0,"menu_order":0,"comment_status":"closed","ping_status":"closed","template":"international-tax-planning.php","meta":{"_acf_changed":false,"footnotes":""},"class_list":["post-2280","page","type-page","status-publish","hentry","entry"],"acf":[],"aioseo_notices":[],"_links":{"self":[{"href":"https:\/\/www.wtpadvisors.com\/es\/wp-json\/wp\/v2\/pages\/2280","targetHints":{"allow":["GET"]}}],"collection":[{"href":"https:\/\/www.wtpadvisors.com\/es\/wp-json\/wp\/v2\/pages"}],"about":[{"href":"https:\/\/www.wtpadvisors.com\/es\/wp-json\/wp\/v2\/types\/page"}],"author":[{"embeddable":true,"href":"https:\/\/www.wtpadvisors.com\/es\/wp-json\/wp\/v2\/users\/1"}],"replies":[{"embeddable":true,"href":"https:\/\/www.wtpadvisors.com\/es\/wp-json\/wp\/v2\/comments?post=2280"}],"version-history":[{"count":4,"href":"https:\/\/www.wtpadvisors.com\/es\/wp-json\/wp\/v2\/pages\/2280\/revisions"}],"predecessor-version":[{"id":2284,"href":"https:\/\/www.wtpadvisors.com\/es\/wp-json\/wp\/v2\/pages\/2280\/revisions\/2284"}],"wp:attachment":[{"href":"https:\/\/www.wtpadvisors.com\/es\/wp-json\/wp\/v2\/media?parent=2280"}],"curies":[{"name":"wp","href":"https:\/\/api.w.org\/{rel}","templated":true}]}}