{"id":2291,"date":"2026-04-22T21:33:16","date_gmt":"2026-04-22T21:33:16","guid":{"rendered":"https:\/\/www.wtpadvisors.com\/es\/?page_id=2291"},"modified":"2026-04-22T21:33:56","modified_gmt":"2026-04-22T21:33:56","slug":"cumplimiento-fiscal-internacional","status":"publish","type":"page","link":"https:\/\/www.wtpadvisors.com\/es\/cumplimiento-fiscal-internacional\/","title":{"rendered":"Cumplimiento Fiscal Internacional"},"content":{"rendered":"<p class=\"\">\r\nWTP Advisors ofrece servicios estrat\u00e9gicos de cumplimiento fiscal internacional, ayudando a empresas a gestionar normativas fiscales complejas, transacciones transfronterizas e inversiones globales. Nuestro equipo de expertos proporciona asesor\u00eda personalizada para garantizar el cumplimiento, optimizar la eficiencia fiscal y reducir riesgos en m\u00faltiples jurisdicciones. Con un enfoque colaborativo y orientado al cliente, ayudamos a empresas multinacionales, compa\u00f1\u00edas privadas y entidades extranjeras a navegar con \u00e9xito el entorno fiscal global en constante evoluci\u00f3n.<\/p>","protected":false},"excerpt":{"rendered":"<p>WTP Advisors ofrece servicios estrat\u00e9gicos de cumplimiento fiscal internacional, ayudando a empresas a gestionar normativas fiscales complejas, transacciones transfronterizas e inversiones globales. Nuestro equipo de expertos proporciona asesor\u00eda personalizada para garantizar el cumplimiento, optimizar la eficiencia fiscal y reducir riesgos en m\u00faltiples jurisdicciones. Con un enfoque colaborativo y orientado al cliente, ayudamos a empresas multinacionales,&hellip; <a class=\"more-link\" href=\"https:\/\/www.wtpadvisors.com\/es\/cumplimiento-fiscal-internacional\/\">Continue reading <span class=\"screen-reader-text\">Cumplimiento Fiscal Internacional<\/span><\/a><\/p>\n","protected":false},"author":1,"featured_media":0,"parent":0,"menu_order":0,"comment_status":"closed","ping_status":"closed","template":"international-valuation.php","meta":{"_acf_changed":false,"footnotes":""},"class_list":["post-2291","page","type-page","status-publish","hentry","entry"],"acf":[],"aioseo_notices":[],"_links":{"self":[{"href":"https:\/\/www.wtpadvisors.com\/es\/wp-json\/wp\/v2\/pages\/2291","targetHints":{"allow":["GET"]}}],"collection":[{"href":"https:\/\/www.wtpadvisors.com\/es\/wp-json\/wp\/v2\/pages"}],"about":[{"href":"https:\/\/www.wtpadvisors.com\/es\/wp-json\/wp\/v2\/types\/page"}],"author":[{"embeddable":true,"href":"https:\/\/www.wtpadvisors.com\/es\/wp-json\/wp\/v2\/users\/1"}],"replies":[{"embeddable":true,"href":"https:\/\/www.wtpadvisors.com\/es\/wp-json\/wp\/v2\/comments?post=2291"}],"version-history":[{"count":2,"href":"https:\/\/www.wtpadvisors.com\/es\/wp-json\/wp\/v2\/pages\/2291\/revisions"}],"predecessor-version":[{"id":2293,"href":"https:\/\/www.wtpadvisors.com\/es\/wp-json\/wp\/v2\/pages\/2291\/revisions\/2293"}],"wp:attachment":[{"href":"https:\/\/www.wtpadvisors.com\/es\/wp-json\/wp\/v2\/media?parent=2291"}],"curies":[{"name":"wp","href":"https:\/\/api.w.org\/{rel}","templated":true}]}}