{"id":2294,"date":"2026-04-22T21:42:02","date_gmt":"2026-04-22T21:42:02","guid":{"rendered":"https:\/\/www.wtpadvisors.com\/es\/?page_id=2294"},"modified":"2026-04-22T21:42:02","modified_gmt":"2026-04-22T21:42:02","slug":"servicios-ic-disc-y-casos-de-estudio","status":"publish","type":"page","link":"https:\/\/www.wtpadvisors.com\/es\/servicios-ic-disc-y-casos-de-estudio\/","title":{"rendered":"Servicios IC-DISC y Casos de Estudio"},"content":{"rendered":"<p class=\"\">WTP Advisors se especializa en la optimizaci\u00f3n de IC-DISC y FDII para exportadores de Estados Unidos. A trav\u00e9s del uso de tecnolog\u00eda avanzada, incluyendo c\u00e1lculos propietarios \u201cTransaction-by-Transaction (TxT)\u201d y la plataforma ExPortal, la firma maximiza los beneficios fiscales de exportaci\u00f3n, garantiza el cumplimiento normativo y proporciona defensa s\u00f3lida ante auditor\u00edas del IRS. Su enfoque integra an\u00e1lisis t\u00e9cnico profundo, automatizaci\u00f3n de datos y estrategias fiscales dise\u00f1adas para aumentar la eficiencia global de las empresas exportadoras.\r\n<\/p>","protected":false},"excerpt":{"rendered":"<p>WTP Advisors se especializa en la optimizaci\u00f3n de IC-DISC y FDII para exportadores de Estados Unidos. A trav\u00e9s del uso de tecnolog\u00eda avanzada, incluyendo c\u00e1lculos propietarios \u201cTransaction-by-Transaction (TxT)\u201d y la plataforma ExPortal, la firma maximiza los beneficios fiscales de exportaci\u00f3n, garantiza el cumplimiento normativo y proporciona defensa s\u00f3lida ante auditor\u00edas del IRS. Su enfoque integra&hellip; <a class=\"more-link\" href=\"https:\/\/www.wtpadvisors.com\/es\/servicios-ic-disc-y-casos-de-estudio\/\">Continue reading <span class=\"screen-reader-text\">Servicios IC-DISC y Casos de Estudio<\/span><\/a><\/p>\n","protected":false},"author":1,"featured_media":0,"parent":0,"menu_order":0,"comment_status":"closed","ping_status":"closed","template":"ic-disc-services.php","meta":{"_acf_changed":false,"footnotes":""},"class_list":["post-2294","page","type-page","status-publish","hentry","entry"],"acf":[],"aioseo_notices":[],"_links":{"self":[{"href":"https:\/\/www.wtpadvisors.com\/es\/wp-json\/wp\/v2\/pages\/2294","targetHints":{"allow":["GET"]}}],"collection":[{"href":"https:\/\/www.wtpadvisors.com\/es\/wp-json\/wp\/v2\/pages"}],"about":[{"href":"https:\/\/www.wtpadvisors.com\/es\/wp-json\/wp\/v2\/types\/page"}],"author":[{"embeddable":true,"href":"https:\/\/www.wtpadvisors.com\/es\/wp-json\/wp\/v2\/users\/1"}],"replies":[{"embeddable":true,"href":"https:\/\/www.wtpadvisors.com\/es\/wp-json\/wp\/v2\/comments?post=2294"}],"version-history":[{"count":1,"href":"https:\/\/www.wtpadvisors.com\/es\/wp-json\/wp\/v2\/pages\/2294\/revisions"}],"predecessor-version":[{"id":2295,"href":"https:\/\/www.wtpadvisors.com\/es\/wp-json\/wp\/v2\/pages\/2294\/revisions\/2295"}],"wp:attachment":[{"href":"https:\/\/www.wtpadvisors.com\/es\/wp-json\/wp\/v2\/media?parent=2294"}],"curies":[{"name":"wp","href":"https:\/\/api.w.org\/{rel}","templated":true}]}}