{"id":2296,"date":"2026-04-22T21:48:55","date_gmt":"2026-04-22T21:48:55","guid":{"rendered":"https:\/\/www.wtpadvisors.com\/es\/?page_id=2296"},"modified":"2026-04-22T21:48:55","modified_gmt":"2026-04-22T21:48:55","slug":"servicios-ic-disc-de-wtp-advisors","status":"publish","type":"page","link":"https:\/\/www.wtpadvisors.com\/es\/servicios-ic-disc-de-wtp-advisors\/","title":{"rendered":"Servicios IC-DISC de WTP Advisors"},"content":{"rendered":"<p class=\"text\">WTP Advisors ofrece servicios especializados de Interest Charge Domestic International Sales Corporation (IC-DISC), ayudando a exportadores estadounidenses a reducir significativamente su carga fiscal federal sobre las ganancias de exportaci\u00f3n.<\/p>\r\n\r\n<p class=\"text\">Nuestro equipo combina c\u00e1lculos avanzados Transaction-by-Transaction (TxT) con profundo conocimiento regulatorio para maximizar comisiones IC-DISC, garantizar cumplimiento total y brindar defensa s\u00f3lida ante auditor\u00edas.<\/p>\r\n\r\n<p class=\"text\">Ofrecemos soporte integral: desde an\u00e1lisis de viabilidad y formaci\u00f3n hasta gesti\u00f3n continua, generando ahorros permanentes de efectivo y mayor competitividad global.<\/p>\r\n","protected":false},"excerpt":{"rendered":"<p>WTP Advisors ofrece servicios especializados de Interest Charge Domestic International Sales Corporation (IC-DISC), ayudando a exportadores estadounidenses a reducir significativamente su carga fiscal federal sobre las ganancias de exportaci\u00f3n. Nuestro equipo combina c\u00e1lculos avanzados Transaction-by-Transaction (TxT) con profundo conocimiento regulatorio para maximizar comisiones IC-DISC, garantizar cumplimiento total y brindar defensa s\u00f3lida ante auditor\u00edas. Ofrecemos soporte&hellip; <a class=\"more-link\" href=\"https:\/\/www.wtpadvisors.com\/es\/servicios-ic-disc-de-wtp-advisors\/\">Continue reading <span class=\"screen-reader-text\">Servicios IC-DISC de WTP Advisors<\/span><\/a><\/p>\n","protected":false},"author":1,"featured_media":0,"parent":0,"menu_order":0,"comment_status":"closed","ping_status":"closed","template":"ic-disc.php","meta":{"_acf_changed":false,"footnotes":""},"class_list":["post-2296","page","type-page","status-publish","hentry","entry"],"acf":[],"aioseo_notices":[],"_links":{"self":[{"href":"https:\/\/www.wtpadvisors.com\/es\/wp-json\/wp\/v2\/pages\/2296","targetHints":{"allow":["GET"]}}],"collection":[{"href":"https:\/\/www.wtpadvisors.com\/es\/wp-json\/wp\/v2\/pages"}],"about":[{"href":"https:\/\/www.wtpadvisors.com\/es\/wp-json\/wp\/v2\/types\/page"}],"author":[{"embeddable":true,"href":"https:\/\/www.wtpadvisors.com\/es\/wp-json\/wp\/v2\/users\/1"}],"replies":[{"embeddable":true,"href":"https:\/\/www.wtpadvisors.com\/es\/wp-json\/wp\/v2\/comments?post=2296"}],"version-history":[{"count":2,"href":"https:\/\/www.wtpadvisors.com\/es\/wp-json\/wp\/v2\/pages\/2296\/revisions"}],"predecessor-version":[{"id":2298,"href":"https:\/\/www.wtpadvisors.com\/es\/wp-json\/wp\/v2\/pages\/2296\/revisions\/2298"}],"wp:attachment":[{"href":"https:\/\/www.wtpadvisors.com\/es\/wp-json\/wp\/v2\/media?parent=2296"}],"curies":[{"name":"wp","href":"https:\/\/api.w.org\/{rel}","templated":true}]}}