{"id":2299,"date":"2026-04-22T21:52:51","date_gmt":"2026-04-22T21:52:51","guid":{"rendered":"https:\/\/www.wtpadvisors.com\/es\/?page_id=2299"},"modified":"2026-04-22T21:54:33","modified_gmt":"2026-04-22T21:54:33","slug":"colaboracion-con-firmas-de-cpa","status":"publish","type":"page","link":"https:\/\/www.wtpadvisors.com\/es\/colaboracion-con-firmas-de-cpa\/","title":{"rendered":"Colaboraci\u00f3n con Firmas de CPA"},"content":{"rendered":"<p class=\"text\">WTP Advisors colabora con firmas de CPA para proporcionar experiencia especializada en impuestos internacionales, precios de transferencia y planificaci\u00f3n fiscal global. Esta colaboraci\u00f3n permite a las firmas ampliar sus servicios, acceder a conocimiento t\u00e9cnico avanzado y mantener la relaci\u00f3n principal con el cliente, mientras ofrecen soluciones fiscales internacionales completas, precisas y auditables.\r\n<\/p>","protected":false},"excerpt":{"rendered":"<p>WTP Advisors colabora con firmas de CPA para proporcionar experiencia especializada en impuestos internacionales, precios de transferencia y planificaci\u00f3n fiscal global. Esta colaboraci\u00f3n permite a las firmas ampliar sus servicios, acceder a conocimiento t\u00e9cnico avanzado y mantener la relaci\u00f3n principal con el cliente, mientras ofrecen soluciones fiscales internacionales completas, precisas y auditables.<\/p>\n","protected":false},"author":1,"featured_media":0,"parent":0,"menu_order":0,"comment_status":"closed","ping_status":"closed","template":"cpa-collaboration.php","meta":{"_acf_changed":false,"footnotes":""},"class_list":["post-2299","page","type-page","status-publish","hentry","entry"],"acf":[],"aioseo_notices":[],"_links":{"self":[{"href":"https:\/\/www.wtpadvisors.com\/es\/wp-json\/wp\/v2\/pages\/2299","targetHints":{"allow":["GET"]}}],"collection":[{"href":"https:\/\/www.wtpadvisors.com\/es\/wp-json\/wp\/v2\/pages"}],"about":[{"href":"https:\/\/www.wtpadvisors.com\/es\/wp-json\/wp\/v2\/types\/page"}],"author":[{"embeddable":true,"href":"https:\/\/www.wtpadvisors.com\/es\/wp-json\/wp\/v2\/users\/1"}],"replies":[{"embeddable":true,"href":"https:\/\/www.wtpadvisors.com\/es\/wp-json\/wp\/v2\/comments?post=2299"}],"version-history":[{"count":2,"href":"https:\/\/www.wtpadvisors.com\/es\/wp-json\/wp\/v2\/pages\/2299\/revisions"}],"predecessor-version":[{"id":2301,"href":"https:\/\/www.wtpadvisors.com\/es\/wp-json\/wp\/v2\/pages\/2299\/revisions\/2301"}],"wp:attachment":[{"href":"https:\/\/www.wtpadvisors.com\/es\/wp-json\/wp\/v2\/media?parent=2299"}],"curies":[{"name":"wp","href":"https:\/\/api.w.org\/{rel}","templated":true}]}}